{"id":14,"date":"2024-01-01T06:29:18","date_gmt":"2024-01-01T06:29:18","guid":{"rendered":"https:\/\/nur-deutsch.com\/?page_id=14"},"modified":"2025-12-14T14:08:46","modified_gmt":"2025-12-14T14:08:46","slug":"about","status":"publish","type":"page","link":"https:\/\/nur-deutsch.com\/index.php\/about\/","title":{"rendered":"About"},"content":{"rendered":"<h1>Ilies Houari<\/h1>\n<h2>Pers\u00f6nliche Angaben<\/h2>\n<ul>\n<li><strong>Name, Vorname:<\/strong> Houari, Ilies<\/li>\n<li><strong>E-Mail:<\/strong> <a target=\"_new\" rel=\"noopener\">info@nur-deutsch.com<\/a><\/li>\n<\/ul>\n<h2>Berufliche Laufbahn<\/h2>\n<h3>Schulamt<\/h3>\n<p><strong>DaZ-Lehrer<\/strong><\/p>\n<p><em>Ab August 2024<\/em><\/p>\n<h3>Interkulturelles Zentrum f\u00fcr Bildung und Kultur<\/h3>\n<p><em>November 2022 \u2013 Juli 2024<\/em><\/p>\n<ul>\n<li>Allgemeine Integrationskurse A2\/B1<\/li>\n<li>Berufssprachkurse B2<\/li>\n<\/ul>\n<h3>Fortbildungsakademie der Wirtschaft, Saalfeld\/Jena<\/h3>\n<p><em>November 2016 \u2013 Oktober 2022<\/em><\/p>\n<ul>\n<li>Alphabetisierungskurs Alphabetisierungskurs-A2<\/li>\n<li>Berufssprachkurse A2<\/li>\n<\/ul>\n<h3>Bildungswerk der Th\u00fcringer Wirtschaft e.V<\/h3>\n<p><em>November 2019 \u2013 Juni 2022<\/em><\/p>\n<ul>\n<li>Berufssprachkurse B2<\/li>\n<\/ul>\n<h3>Sprachenzentrum der Universit\u00e4t Erfurt<\/h3>\n<p><em>November 2019 \u2013 Juli 2020<\/em><\/p>\n<ul>\n<li>DaF f\u00fcr Studierende und Arbeitende A1+<\/li>\n<\/ul>\n<h3>Sprachenzentrum der Friedrich-Schiller-Universit\u00e4t<\/h3>\n<p><em>April 2020 \u2013 August 2022<\/em><\/p>\n<ul>\n<li>Franz\u00f6sisch f\u00fcr Studierende A1\/B1<\/li>\n<\/ul>\n<h3>Friedrich-Schiller-Universit\u00e4t, Jena<\/h3>\n<p><em>Oktober 2022 \u2013 Februar 2023<\/em><\/p>\n<ul>\n<li>Franz\u00f6sisch f\u00fcr Studierende (Lehramt: Franz\u00f6sisch) Rh\u00e9torique \u00e9crite 2: B2\/C1<\/li>\n<\/ul>\n<h2>Ausbildung<\/h2>\n<ul>\n<li>Deutsch f\u00fcr medizinische Fachkr\u00e4fte <em>Mai 2022<\/em><\/li>\n<li>Telc Pr\u00fcferlizenz f\u00fcr DTZ (Deutsch-Test f\u00fcr Zuwanderer), Erfurt <em>Oktober 2019<\/em><\/li>\n<li>IIK, Jena <em>Zusatzqualifizierung f\u00fcr Lehrkr\u00e4fte in Alphabetisierungskursen, November \u2013 Dezember 2017<\/em><\/li>\n<li>Friedrich-Schiller-Universit\u00e4t, Jena <em>Master of Arts (DaF\/DaZ), April 2016 &#8211; April 2019<\/em><\/li>\n<\/ul>\n<h2>\u00dcber die Seite NUR-DEUTSCH.COM<\/h2>\n<h3><strong>Deutsch lernen \u2013 einfach, klar und praxisnah<\/strong><\/h3>\n<p>Auf dieser Webseite NUR-DEUTSCH.COM k\u00f6nnen Sie Deutsch lernen von A1 bis B2.<br \/>\nSie lernen Wortschatz, Grammatik und Sprechen f\u00fcr den Alltag, die Arbeit und den Kontakt mit \u00c4mtern.<\/p>\n<p>Die Kurse helfen Ihnen zum Beispiel bei:<\/p>\n<p>Vorstellen und Gespr\u00e4che f\u00fchren<\/p>\n<p>Einkaufen, Wohnen und Gesundheit<\/p>\n<p>Arbeit, Ausbildung und Bewerbung<\/p>\n<p>Schule, Familie und Freizeit<\/p>\n<p>Alle Inhalte sind leicht erkl\u00e4rt und alltagsnah aufgebaut.<\/p>\n<h3><strong>Orientierungskurs &amp; Einb\u00fcrgerungstest<\/strong><\/h3>\n<p>Die Webseite enth\u00e4lt auch einen Orientierungskurs.<br \/>\nSie lernen wichtige Themen \u00fcber Deutschland, zum Beispiel:<\/p>\n<p>Grundrechte und das Grundgesetz<\/p>\n<p>Politik, Geschichte und Gesellschaft<\/p>\n<p>Zusammenleben, Familie und Toleranz<\/p>\n<p>Der Orientierungskurs bereitet Sie gezielt auf den Einb\u00fcrgerungstest vor.<\/p>\n<h3><strong>F\u00fcr wen ist die Webseite?<\/strong><\/h3>\n<p>Diese Webseite ist geeignet f\u00fcr:<\/p>\n<p>Menschen, die Deutsch als Fremd- oder Zweitsprache lernen<\/p>\n<p>Teilnehmende an Integrationskursen<\/p>\n<p>Lernende in Berufs- und Sprachkursen<\/p>\n<p>Selbstlernende, die in Ihrem Tempo Deutsch lernen\u00a0 \u2013 f\u00fcr ein gutes Leben in Deutschland.<\/p>\n<p>Ich w\u00fcnsche euch ganz viel Spa\u00df und Erfolg beim Lernen \ud83d\ude42<\/p>\n<p>Ilies Houari<\/p>\n","protected":false},"excerpt":{"rendered":"<p>Ilies Houari Pers\u00f6nliche Angaben Name, Vorname: Houari, Ilies E-Mail: info@nur-deutsch.com Berufliche Laufbahn Schulamt DaZ-Lehrer Ab August 2024 Interkulturelles Zentrum f\u00fcr Bildung und Kultur November 2022 \u2013 Juli 2024 Allgemeine Integrationskurse A2\/B1 Berufssprachkurse B2 Fortbildungsakademie der Wirtschaft, Saalfeld\/Jena November 2016 \u2013 Oktober 2022 Alphabetisierungskurs Alphabetisierungskurs-A2 Berufssprachkurse A2 Bildungswerk der Th\u00fcringer Wirtschaft e.V November 2019 \u2013 Juni [&hellip;]<\/p>\n","protected":false},"author":1,"featured_media":0,"parent":0,"menu_order":0,"comment_status":"closed","ping_status":"closed","template":"","meta":{"site-sidebar-layout":"default","site-content-layout":"","ast-site-content-layout":"default","site-content-style":"default","site-sidebar-style":"default","ast-global-header-display":"","ast-banner-title-visibility":"","ast-main-header-display":"","ast-hfb-above-header-display":"","ast-hfb-below-header-display":"","ast-hfb-mobile-header-display":"","site-post-title":"","ast-breadcrumbs-content":"","ast-featured-img":"","footer-sml-layout":"","ast-disable-related-posts":"","theme-transparent-header-meta":"default","adv-header-id-meta":"","stick-header-meta":"","header-above-stick-meta":"","header-main-stick-meta":"","header-below-stick-meta":"","astra-migrate-meta-layouts":"set","ast-page-background-enabled":"default","ast-page-background-meta":{"desktop":{"background-color":"var(--ast-global-color-4)","background-image":"","background-repeat":"repeat","background-position":"center center","background-size":"auto","background-attachment":"scroll","background-type":"","background-media":"","overlay-type":"","overlay-color":"","overlay-opacity":"","overlay-gradient":""},"tablet":{"background-color":"","background-image":"","background-repeat":"repeat","background-position":"center center","background-size":"auto","background-attachment":"scroll","background-type":"","background-media":"","overlay-type":"","overlay-color":"","overlay-opacity":"","overlay-gradient":""},"mobile":{"background-color":"","background-image":"","background-repeat":"repeat","background-position":"center center","background-size":"auto","background-attachment":"scroll","background-type":"","background-media":"","overlay-type":"","overlay-color":"","overlay-opacity":"","overlay-gradient":""}},"ast-content-background-meta":{"desktop":{"background-color":"var(--ast-global-color-5)","background-image":"","background-repeat":"repeat","background-position":"center center","background-size":"auto","background-attachment":"scroll","background-type":"","background-media":"","overlay-type":"","overlay-color":"","overlay-opacity":"","overlay-gradient":""},"tablet":{"background-color":"var(--ast-global-color-5)","background-image":"","background-repeat":"repeat","background-position":"center center","background-size":"auto","background-attachment":"scroll","background-type":"","background-media":"","overlay-type":"","overlay-color":"","overlay-opacity":"","overlay-gradient":""},"mobile":{"background-color":"var(--ast-global-color-5)","background-image":"","background-repeat":"repeat","background-position":"center center","background-size":"auto","background-attachment":"scroll","background-type":"","background-media":"","overlay-type":"","overlay-color":"","overlay-opacity":"","overlay-gradient":""}},"footnotes":""},"class_list":["post-14","page","type-page","status-publish","hentry"],"_links":{"self":[{"href":"https:\/\/nur-deutsch.com\/index.php\/wp-json\/wp\/v2\/pages\/14","targetHints":{"allow":["GET"]}}],"collection":[{"href":"https:\/\/nur-deutsch.com\/index.php\/wp-json\/wp\/v2\/pages"}],"about":[{"href":"https:\/\/nur-deutsch.com\/index.php\/wp-json\/wp\/v2\/types\/page"}],"author":[{"embeddable":true,"href":"https:\/\/nur-deutsch.com\/index.php\/wp-json\/wp\/v2\/users\/1"}],"replies":[{"embeddable":true,"href":"https:\/\/nur-deutsch.com\/index.php\/wp-json\/wp\/v2\/comments?post=14"}],"version-history":[{"count":7,"href":"https:\/\/nur-deutsch.com\/index.php\/wp-json\/wp\/v2\/pages\/14\/revisions"}],"predecessor-version":[{"id":1509,"href":"https:\/\/nur-deutsch.com\/index.php\/wp-json\/wp\/v2\/pages\/14\/revisions\/1509"}],"wp:attachment":[{"href":"https:\/\/nur-deutsch.com\/index.php\/wp-json\/wp\/v2\/media?parent=14"}],"curies":[{"name":"wp","href":"https:\/\/api.w.org\/{rel}","templated":true}]}}