{"id":25,"date":"2024-01-01T06:33:10","date_gmt":"2024-01-01T06:33:10","guid":{"rendered":"https:\/\/nur-deutsch.com\/?page_id=25"},"modified":"2025-04-07T16:03:44","modified_gmt":"2025-04-07T15:03:44","slug":"a1-beginner","status":"publish","type":"page","link":"https:\/\/nur-deutsch.com\/index.php\/a1-beginner\/","title":{"rendered":"A1 &#8211; Beginner"},"content":{"rendered":"<h1>A1-Vocabulary &#8211; Wortschatz<\/h1>\n<ul class=\"lcp_catlist\" id=\"lcp_instance_0\"><li><a href=\"https:\/\/nur-deutsch.com\/index.php\/2024\/01\/01\/sich-und-andere-vorstellen-und-nach-dem-namen-fragen\/\">Sich und andere vorstellen und nach dem Namen fragen<\/a><\/li><li><a href=\"https:\/\/nur-deutsch.com\/index.php\/2024\/01\/01\/die-herkunft-sagen-und-erfragen\/\">Die Herkunft sagen und erfragen<\/a><\/li><li><a href=\"https:\/\/nur-deutsch.com\/index.php\/2024\/01\/01\/sich-begrusen-und-verabschieden\/\">Sich begr\u00fc\u00dfen und verabschieden<\/a><\/li><li><a href=\"https:\/\/nur-deutsch.com\/index.php\/2024\/01\/01\/nach-dem-befinden-fragen-und-uber-das-eigene-befinden-sprechen\/\">Nach dem Befinden fragen und \u00fcber das eigene Befinden sprechen<\/a><\/li><li><a href=\"https:\/\/nur-deutsch.com\/index.php\/2024\/01\/01\/sagen-welche-sprachen-man-spricht\/\">Sagen, welche Sprache(n) man spricht<\/a><\/li><li><a href=\"https:\/\/nur-deutsch.com\/index.php\/2024\/01\/01\/familienmitglieder-vorstellen-und-danach-fragen\/\">Familienmitglieder vorstellen und danach fragen<\/a><\/li><li><a href=\"https:\/\/nur-deutsch.com\/index.php\/2024\/01\/01\/auskunft-uber-den-familienstand-geben\/\">Auskunft \u00fcber den Familienstand geben<\/a><\/li><li><a href=\"https:\/\/nur-deutsch.com\/index.php\/2024\/01\/01\/den-namen-buchstabieren\/\">Den Namen buchstabieren<\/a><\/li><li><a href=\"https:\/\/nur-deutsch.com\/index.php\/2024\/01\/01\/alter-adresse-und-telefonnummer-nennen-und-verstehen\/\">Alter, Adresse und Telefonnummer nennen und verstehen<\/a><\/li><li><a href=\"https:\/\/nur-deutsch.com\/index.php\/2024\/01\/01\/gegenstande-benennen-und-nach-der-deutschen-bedeutung-fragen\/\">Gegenst\u00e4nde benennen und nach der deutschen Bedeutung fragen<\/a><\/li><li><a href=\"https:\/\/nur-deutsch.com\/index.php\/2024\/01\/01\/aktivitaten-im-unterricht-benennen\/\">Aktivit\u00e4ten im Unterricht benennen<\/a><\/li><li><a href=\"https:\/\/nur-deutsch.com\/index.php\/2024\/01\/01\/arbeitsauftrage-verstehen\/\">Arbeitsauftr\u00e4ge verstehen<\/a><\/li><li><a href=\"https:\/\/nur-deutsch.com\/index.php\/2024\/01\/01\/erklarungen-bitten-und-sie-verstehen\/\">Um Erkl\u00e4rungen bitten und sie verstehen<\/a><\/li><li><a href=\"https:\/\/nur-deutsch.com\/index.php\/2024\/01\/01\/um-wiederholung-des-gesagten-bitten\/\">Um Wiederholung des Gesagten bitten<\/a><\/li><li><a href=\"https:\/\/nur-deutsch.com\/index.php\/2024\/01\/01\/nach-lebensmitteln-fragen\/\">Nach Lebensmitteln fragen<\/a><\/li><li><a href=\"https:\/\/nur-deutsch.com\/index.php\/2024\/01\/01\/gefallen-missfallen-und-vorlieben-ausern\/\">Gefallen, Missfallen und Vorlieben \u00e4u\u00dfern<\/a><\/li><li><a href=\"https:\/\/nur-deutsch.com\/index.php\/2024\/01\/01\/nach-preisen-sonderangeboten-und-mengen-fragen-und-die-angaben-verstehen\/\">Nach Preisen, Sonderangeboten und Mengen fragen und die Angaben verstehen<\/a><\/li><li><a href=\"https:\/\/nur-deutsch.com\/index.php\/2024\/01\/01\/den-tagesablauf-beschreiben\/\">Den Tagesablauf beschreiben<\/a><\/li><li><a href=\"https:\/\/nur-deutsch.com\/index.php\/2024\/01\/01\/nach-der-uhrzeit-fragen-und-antworten\/\">Nach der Uhrzeit fragen und antworten<\/a><\/li><li><a href=\"https:\/\/nur-deutsch.com\/index.php\/2024\/01\/01\/uber-den-plan-fur-den-tag-sprechen\/\">\u00dcber den Plan f\u00fcr den Tag sprechen<\/a><\/li><li><a href=\"https:\/\/nur-deutsch.com\/index.php\/2024\/01\/01\/verabreden-terminvorschlage-annehmen-oder-ablehnen\/\">Verabreden, Terminvorschl\u00e4ge annehmen oder ablehnen<\/a><\/li><li><a href=\"https:\/\/nur-deutsch.com\/index.php\/2024\/01\/01\/uber-moglichkeiten-der-wohnungssuche-sprechen\/\">\u00dcber M\u00f6glichkeiten der Wohnungssuche sprechen<\/a><\/li><li><a href=\"https:\/\/nur-deutsch.com\/index.php\/2024\/01\/01\/angaben-und-abkurzungen-in-wohnungsanzeigen-verstehen\/\">Angaben und Abk\u00fcrzungen in Wohnungsanzeigen verstehen<\/a><\/li><li><a href=\"https:\/\/nur-deutsch.com\/index.php\/2024\/01\/01\/zufriedenheit-und-unzufriedenheit-ausdrucken\/\">Zufriedenheit und Unzufriedenheit ausdr\u00fccken<\/a><\/li><li><a href=\"https:\/\/nur-deutsch.com\/index.php\/2024\/01\/01\/einrichtungsgegenstande-und-wohnraume-beschreiben\/\">Einrichtungsgegenst\u00e4nde und Wohnr\u00e4ume beschreiben<\/a><\/li><li><a href=\"https:\/\/nur-deutsch.com\/index.php\/2024\/01\/01\/nach-dem-besten-verkehrsmittel-fragen\/\">Nach dem besten Verkehrsmittel fragen<\/a><\/li><li><a href=\"https:\/\/nur-deutsch.com\/index.php\/2024\/01\/01\/abfahrtszeiten-und-fahrpreise-verstehen\/\">Abfahrtszeiten und Fahrpreise verstehen<\/a><\/li><li><a href=\"https:\/\/nur-deutsch.com\/index.php\/2024\/01\/01\/nach-dem-weg-fragen-und-wegbeschreibungen-verstehen\/\">Nach dem Weg fragen und Wegbeschreibungen verstehen<\/a><\/li><li><a href=\"https:\/\/nur-deutsch.com\/index.php\/2024\/01\/01\/sagen-was-man-selbst-beruflich-macht\/\">Sagen, was man selbst beruflich macht<\/a><\/li><li><a href=\"https:\/\/nur-deutsch.com\/index.php\/2024\/01\/01\/uber-berufliche-kenntnisse-fahigkeiten-wunsche-sprechen\/\">\u00dcber berufliche Kenntnisse, F\u00e4higkeiten, W\u00fcnsche sprechen<\/a><\/li><li><a href=\"https:\/\/nur-deutsch.com\/index.php\/2024\/01\/01\/sich-uber-arbeitszeiten-abstimmen\/\">Sich \u00fcber Arbeitszeiten abstimmen<\/a><\/li><li><a href=\"https:\/\/nur-deutsch.com\/index.php\/2024\/01\/01\/mitteilen-was-wehtut-und-uber-das-eigene-befinden-sprechen\/\">Mitteilen, was wehtut, und \u00fcber das eigene Befinden sprechen<\/a><\/li><li><a href=\"https:\/\/nur-deutsch.com\/index.php\/2024\/01\/01\/arztliche-empfehlungen-und-anweisungen-verstehen\/\">\u00c4rztliche Empfehlungen und Anweisungen verstehen<\/a><\/li><li><a href=\"https:\/\/nur-deutsch.com\/index.php\/2024\/01\/01\/einen-arzttermin-vereinbaren-und-sich-krankmelden\/\">Einen Arzttermin vereinbaren und Sich krankmelden<\/a><\/li><li><a href=\"https:\/\/nur-deutsch.com\/index.php\/2024\/01\/01\/sagen-was-man-am-vortag-in-der-letzten-woche-im-letzten-monat-jahr-gemacht-hat\/\">Sagen, was man am Vortag\/in der letzten Woche\/im letzten Monat\/Jahr gemacht hat<\/a><\/li><li><a href=\"https:\/\/nur-deutsch.com\/index.php\/2024\/01\/01\/uber-die-eigene-herkunft-sprechen\/\">\u00dcber die eigene Herkunft sprechen<\/a><\/li><li><a href=\"https:\/\/nur-deutsch.com\/index.php\/2024\/01\/01\/beschreiben-wie-der-tag-das-wochenende-vergangenes-ereignis-war\/\">Beschreiben, wie der Tag\/das Wochenende, vergangenes Ereignis war<\/a><\/li><li><a href=\"https:\/\/nur-deutsch.com\/index.php\/2024\/01\/01\/einen-verkaufer-eine-verkauferin-um-information-und-hilfe-bitten\/\">Einen Verk\u00e4ufer \/ eine Verk\u00e4uferin um Information und Hilfe bitten<\/a><\/li><li><a href=\"https:\/\/nur-deutsch.com\/index.php\/2024\/01\/01\/uber-kleidungsgrosen-und-sprechen\/\">\u00dcber Kleidungsgr\u00f6\u00dfen und sprechen<\/a><\/li><li><a href=\"https:\/\/nur-deutsch.com\/index.php\/2024\/01\/01\/vorlieben-und-abneigungen-ausern\/\">Vorlieben und Abneigungen \u00e4u\u00dfern<\/a><\/li><li><a href=\"https:\/\/nur-deutsch.com\/index.php\/2024\/01\/01\/etwas-reklamieren\/\">Etwas reklamieren<\/a><\/li><li><a href=\"https:\/\/nur-deutsch.com\/index.php\/2024\/01\/01\/uber-das-wetter-und-die-jahreszeiten-sprechen\/\">\u00dcber das Wetter und die Jahreszeiten sprechen<\/a><\/li><li><a href=\"https:\/\/nur-deutsch.com\/index.php\/2024\/01\/01\/datumsangaben-machen-und-verstehen\/\">Datumsangaben machen und verstehen<\/a><\/li><li><a href=\"https:\/\/nur-deutsch.com\/index.php\/2024\/01\/01\/einladungen-verfassen-annehmen-und-absagen\/\">Einladungen verfassen, annehmen und absagen<\/a><\/li><\/ul>\n<h1>A1-Grammar &#8211; Grammatik<\/h1>\n<ul class=\"lcp_catlist\" id=\"lcp_instance_0\"><li><a href=\"https:\/\/nur-deutsch.com\/index.php\/2024\/01\/01\/die-stellung-des-verbs-in-aussagesatzen-w-fragen-und-ja-nein-fragen\/\">Die Stellung des Verbs in Aussages\u00e4tzen, W-Fragen und Ja-\/Nein-Fragen<\/a><\/li><li><a href=\"https:\/\/nur-deutsch.com\/index.php\/2024\/01\/01\/konjugation-im-prasens-singular-und-hoflichkeitsform-von-kommen-heisen-sprechen-sein\/\">Konjugation im Pr\u00e4sens Singular und H\u00f6flichkeitsform von kommen, hei\u00dfen, sprechen, sein<\/a><\/li><li><a href=\"https:\/\/nur-deutsch.com\/index.php\/2024\/01\/01\/possessivartikel-mein-meine\/\">Possessivartikel mein, meine<\/a><\/li><li><a href=\"https:\/\/nur-deutsch.com\/index.php\/2024\/01\/01\/pesonalpronomen-sie-sie-und-sie-pl\/\">Pesonalpronomen: sie, Sie und sie (Pl.)<\/a><\/li><li><a href=\"https:\/\/nur-deutsch.com\/index.php\/2024\/01\/01\/erweiterte-konjugation-im-prasens-von-haben-wohnen-leben-sein\/\">Erweiterte Konjugation im Pr\u00e4sens von haben, wohnen, leben, sein<\/a><\/li><li><a href=\"https:\/\/nur-deutsch.com\/index.php\/2024\/01\/01\/der-bestimmte-und-unbestimmte-artikel-im-singular\/\">Der bestimmte und unbestimmte Artikel im Singular<\/a><\/li><li><a href=\"https:\/\/nur-deutsch.com\/index.php\/2024\/01\/01\/verneinung-mit-nicht-und-kein-keine\/\">Verneinung mit nicht und kein\/keine<\/a><\/li><li><a href=\"https:\/\/nur-deutsch.com\/index.php\/2024\/01\/01\/ja-nein-fragen-und-w-fragen-mit-was\/\">Ja-\/Nein-Fragen und W-Fragen mit Was?<\/a><\/li><li><a href=\"https:\/\/nur-deutsch.com\/index.php\/2024\/01\/01\/wortbildung-komposita\/\">Wortbildung Komposita<\/a><\/li><li><a href=\"https:\/\/nur-deutsch.com\/index.php\/2024\/01\/01\/vollstandige-konjugation-im-prasens-von-sein-machen-sprechen-lesen\/\">Vollst\u00e4ndige Konjugation im Pr\u00e4sens von sein, machen, sprechen, lesen<\/a><\/li><li><a href=\"https:\/\/nur-deutsch.com\/index.php\/2024\/01\/01\/artikel-im-nominativ-und-akkusativ\/\">Artikel im Nominativ und Akkusativ<\/a><\/li><li><a href=\"https:\/\/nur-deutsch.com\/index.php\/2024\/01\/01\/ja-nein-fragen-und-w-fragen-mit-wie-viel\/\">Ja-\/Nein-Fragen und W-Fragen mit Wie viel?\u00a0<\/a><\/li><li><a href=\"https:\/\/nur-deutsch.com\/index.php\/2024\/01\/01\/nomen-im-plural\/\">Nomen im Plural<\/a><\/li><li><a href=\"https:\/\/nur-deutsch.com\/index.php\/2024\/01\/01\/die-verben-brauchen-kaufen-essen-mogen-im-prasens\/\">Die Verben brauchen, kaufen, essen, m\u00f6gen im Pr\u00e4sens<\/a><\/li><li><a href=\"https:\/\/nur-deutsch.com\/index.php\/2024\/01\/01\/die-stellung-der-temporalen-adverbien-immer-oft-manchmal-nie-im-satz\/\">Die Stellung der temporalen Adverbien immer, oft, manchmal, nie im Satz<\/a><\/li><li><a href=\"https:\/\/nur-deutsch.com\/index.php\/2024\/01\/01\/trennbare-verben-anrufen-einkaufen-aufstehen-fernsehen\/\">Trennbare Verben anrufen, einkaufen, aufstehen, fernsehen<\/a><\/li><li><a href=\"https:\/\/nur-deutsch.com\/index.php\/2024\/01\/01\/personalpronomen-in-der-3-person-singular-und-plural\/\">Personalpronomen in der 3. Person Singular und Plural<\/a><\/li><li><a href=\"https:\/\/nur-deutsch.com\/index.php\/2024\/01\/01\/die-possessivartikel-mein-e-dein-e-ihr-e-ihr-e\/\">Die Possessivartikel mein(-e), dein(-e), ihr(-e), Ihr(-e)<\/a><\/li><li><a href=\"https:\/\/nur-deutsch.com\/index.php\/2024\/01\/01\/der-imperativ-sie\/\">Der Imperativ (Sie)<\/a><\/li><li><a href=\"https:\/\/nur-deutsch.com\/index.php\/2024\/01\/01\/die-verben-fahren-nehmen-gehen-im-prasens\/\">Die Verben fahren, nehmen, gehen im Pr\u00e4sens<\/a><\/li><li><a href=\"https:\/\/nur-deutsch.com\/index.php\/2024\/01\/01\/die-prapositionen-mit-dativ-mit-an-zu-bei-in\/\">Die Pr\u00e4positionen mit Dativ: mit, an, zu, bei, in<\/a><\/li><li><a href=\"https:\/\/nur-deutsch.com\/index.php\/2024\/01\/01\/lokale-prapositionen\/\">Lokale Pr\u00e4positionen<\/a><\/li><li><a href=\"https:\/\/nur-deutsch.com\/index.php\/2024\/01\/01\/die-modalverben-konnen-und-mussen-im-prasens-und-ihre-stellung-im-satz\/\">Die Modalverben k\u00f6nnen und m\u00fcssen im Pr\u00e4sens und ihre Stellung im Satz<\/a><\/li><li><a href=\"https:\/\/nur-deutsch.com\/index.php\/2024\/01\/01\/das-trennbare-verb-anfangen-im-prasens\/\">Das trennbare Verb anfangen im Pr\u00e4sens<\/a><\/li><li><a href=\"https:\/\/nur-deutsch.com\/index.php\/2024\/01\/01\/possessivartikel-im-nominativ\/\">Possessivartikel im Nominativ<\/a><\/li><li><a href=\"https:\/\/nur-deutsch.com\/index.php\/2024\/01\/01\/die-modalverben-sollen-und-durfen\/\">Die Modalverben sollen und d\u00fcrfen<\/a><\/li><li><a href=\"https:\/\/nur-deutsch.com\/index.php\/2024\/01\/01\/der-imperativ-ihr-und-du\/\">Der Imperativ (ihr und du)<\/a><\/li><li><a href=\"https:\/\/nur-deutsch.com\/index.php\/2024\/01\/01\/das-perfekt-mit-haben-und-sein\/\">Das Perfekt mit haben und sein<\/a><\/li><li><a href=\"https:\/\/nur-deutsch.com\/index.php\/2024\/01\/01\/das-partizip-ii\/\">Das Partizip II<\/a><\/li><li><a href=\"https:\/\/nur-deutsch.com\/index.php\/2024\/01\/01\/die-verbstellung-im-perfekt\/\">Die Verbstellung im Perfekt<\/a><\/li><li><a href=\"https:\/\/nur-deutsch.com\/index.php\/2024\/01\/01\/das-prateritum-von-sein-und-haben\/\">Das Pr\u00e4teritum von sein und haben<\/a><\/li><li><a href=\"https:\/\/nur-deutsch.com\/index.php\/2024\/01\/01\/unbestimmter-artikel-im-dativ\/\">Unbestimmter Artikel im Dativ<\/a><\/li><li><a href=\"https:\/\/nur-deutsch.com\/index.php\/2024\/01\/01\/personalpronomen-im-dativ\/\">Personalpronomen im Dativ<\/a><\/li><li><a href=\"https:\/\/nur-deutsch.com\/index.php\/2024\/01\/01\/der-komparativ-und-superlativ-von-adjektiven\/\">Der Komparativ und Superlativ von Adjektiven<\/a><\/li><li><a href=\"https:\/\/nur-deutsch.com\/index.php\/2024\/01\/01\/welcher-und-dieser-im-nominativ-und-akkusativ\/\">Welcher und dieser im Nominativ und Akkusativ<\/a><\/li><li><a href=\"https:\/\/nur-deutsch.com\/index.php\/2024\/01\/01\/verben-mit-akkusativ-und-verben-mit-dativ\/\">Verben mit Akkusativ und Verben mit Dativ<\/a><\/li><li><a href=\"https:\/\/nur-deutsch.com\/index.php\/2024\/01\/01\/das-modalverb-wollen\/\">Das Modalverb wollen<\/a><\/li><li><a href=\"https:\/\/nur-deutsch.com\/index.php\/2024\/01\/01\/wortbildung-komposita-2\/\">Wortbildung Komposita<\/a><\/li><li><a href=\"https:\/\/nur-deutsch.com\/index.php\/2024\/01\/01\/temporale-prapositionen-mit-dativ\/\">Temporale Pr\u00e4positionen mit Dativ<\/a><\/li><li><a href=\"https:\/\/nur-deutsch.com\/index.php\/2024\/01\/01\/die-ordinalzahlen\/\">Die Ordinalzahlen<\/a><\/li><\/ul>\n","protected":false},"excerpt":{"rendered":"<p>A1-Vocabulary &#8211; Wortschatz A1-Grammar &#8211; Grammatik<\/p>\n","protected":false},"author":1,"featured_media":0,"parent":0,"menu_order":0,"comment_status":"closed","ping_status":"closed","template":"","meta":{"site-sidebar-layout":"default","site-content-layout":"","ast-site-content-layout":"default","site-content-style":"default","site-sidebar-style":"default","ast-global-header-display":"","ast-banner-title-visibility":"","ast-main-header-display":"","ast-hfb-above-header-display":"","ast-hfb-below-header-display":"","ast-hfb-mobile-header-display":"","site-post-title":"","ast-breadcrumbs-content":"","ast-featured-img":"","footer-sml-layout":"","ast-disable-related-posts":"","theme-transparent-header-meta":"default","adv-header-id-meta":"","stick-header-meta":"","header-above-stick-meta":"","header-main-stick-meta":"","header-below-stick-meta":"","astra-migrate-meta-layouts":"set","ast-page-background-enabled":"default","ast-page-background-meta":{"desktop":{"background-color":"var(--ast-global-color-4)","background-image":"","background-repeat":"repeat","background-position":"center center","background-size":"auto","background-attachment":"scroll","background-type":"","background-media":"","overlay-type":"","overlay-color":"","overlay-opacity":"","overlay-gradient":""},"tablet":{"background-color":"","background-image":"","background-repeat":"repeat","background-position":"center center","background-size":"auto","background-attachment":"scroll","background-type":"","background-media":"","overlay-type":"","overlay-color":"","overlay-opacity":"","overlay-gradient":""},"mobile":{"background-color":"","background-image":"","background-repeat":"repeat","background-position":"center center","background-size":"auto","background-attachment":"scroll","background-type":"","background-media":"","overlay-type":"","overlay-color":"","overlay-opacity":"","overlay-gradient":""}},"ast-content-background-meta":{"desktop":{"background-color":"var(--ast-global-color-5)","background-image":"","background-repeat":"repeat","background-position":"center center","background-size":"auto","background-attachment":"scroll","background-type":"","background-media":"","overlay-type":"","overlay-color":"","overlay-opacity":"","overlay-gradient":""},"tablet":{"background-color":"var(--ast-global-color-5)","background-image":"","background-repeat":"repeat","background-position":"center center","background-size":"auto","background-attachment":"scroll","background-type":"","background-media":"","overlay-type":"","overlay-color":"","overlay-opacity":"","overlay-gradient":""},"mobile":{"background-color":"var(--ast-global-color-5)","background-image":"","background-repeat":"repeat","background-position":"center center","background-size":"auto","background-attachment":"scroll","background-type":"","background-media":"","overlay-type":"","overlay-color":"","overlay-opacity":"","overlay-gradient":""}},"footnotes":""},"class_list":["post-25","page","type-page","status-publish","hentry"],"_links":{"self":[{"href":"https:\/\/nur-deutsch.com\/index.php\/wp-json\/wp\/v2\/pages\/25","targetHints":{"allow":["GET"]}}],"collection":[{"href":"https:\/\/nur-deutsch.com\/index.php\/wp-json\/wp\/v2\/pages"}],"about":[{"href":"https:\/\/nur-deutsch.com\/index.php\/wp-json\/wp\/v2\/types\/page"}],"author":[{"embeddable":true,"href":"https:\/\/nur-deutsch.com\/index.php\/wp-json\/wp\/v2\/users\/1"}],"replies":[{"embeddable":true,"href":"https:\/\/nur-deutsch.com\/index.php\/wp-json\/wp\/v2\/comments?post=25"}],"version-history":[{"count":6,"href":"https:\/\/nur-deutsch.com\/index.php\/wp-json\/wp\/v2\/pages\/25\/revisions"}],"predecessor-version":[{"id":1207,"href":"https:\/\/nur-deutsch.com\/index.php\/wp-json\/wp\/v2\/pages\/25\/revisions\/1207"}],"wp:attachment":[{"href":"https:\/\/nur-deutsch.com\/index.php\/wp-json\/wp\/v2\/media?parent=25"}],"curies":[{"name":"wp","href":"https:\/\/api.w.org\/{rel}","templated":true}]}}