{"id":27,"date":"2024-01-01T06:33:10","date_gmt":"2024-01-01T06:33:10","guid":{"rendered":"https:\/\/nur-deutsch.com\/?page_id=27"},"modified":"2025-04-07T16:03:55","modified_gmt":"2025-04-07T15:03:55","slug":"a2-elementary","status":"publish","type":"page","link":"https:\/\/nur-deutsch.com\/index.php\/a2-elementary\/","title":{"rendered":"A2 &#8211; Elementary"},"content":{"rendered":"<h1>A2-Vocabulary &#8211; Wortschatz<\/h1>\n<ul class=\"lcp_catlist\" id=\"lcp_instance_0\"><li><a href=\"https:\/\/nur-deutsch.com\/index.php\/2024\/01\/01\/meldungen-aus-radio-und-internet-relevante-informationen-entnehmen\/\">Meldungen aus Radio und Internet relevante Informationen entnehmen<\/a><\/li><li><a href=\"https:\/\/nur-deutsch.com\/index.php\/2024\/01\/01\/sich-auf-webseiten-zurechtfinden\/\">Sich auf Webseiten zurechtfinden<\/a><\/li><li><a href=\"https:\/\/nur-deutsch.com\/index.php\/2024\/01\/01\/verabredungen-treffen-und-darauf-reagieren\/\">Verabredungen treffen und darauf reagieren<\/a><\/li><li><a href=\"https:\/\/nur-deutsch.com\/index.php\/2024\/01\/01\/sich-uber-reisemoglichkeiten-informieren-und-diese-vergleichen\/\">Sich \u00fcber Reisem\u00f6glichkeiten informieren und diese vergleichen<\/a><\/li><li><a href=\"https:\/\/nur-deutsch.com\/index.php\/2024\/01\/01\/fahrplane-und-wichtige-informationen-in-durchsagen-am-bahnhof-verstehen\/\">Fahrpl\u00e4ne und wichtige Informationen in Durchsagen am Bahnhof verstehen<\/a><\/li><li><a href=\"https:\/\/nur-deutsch.com\/index.php\/2024\/01\/01\/sich-uber-den-wohnungsmarkt-informieren\/\">Sich \u00fcber den Wohnungsmarkt informieren<\/a><\/li><li><a href=\"https:\/\/nur-deutsch.com\/index.php\/2024\/01\/01\/angaben-und-abkurzungen-in-wohnungsanzeigen-verstehen-2\/\">Angaben und Abk\u00fcrzungen in Wohnungsanzeigen verstehen<\/a><\/li><li><a href=\"https:\/\/nur-deutsch.com\/index.php\/2024\/01\/01\/einen-besichtigungstermin-vereinbaren\/\">Einen Besichtigungstermin vereinbaren<\/a><\/li><li><a href=\"https:\/\/nur-deutsch.com\/index.php\/2024\/01\/01\/mitteilungen-verstehen\/\">Mitteilungen verstehen<\/a><\/li><li><a href=\"https:\/\/nur-deutsch.com\/index.php\/2024\/01\/01\/sich-uber-zustandigkeiten-von-amtern-informieren\/\">Sich \u00fcber Zust\u00e4ndigkeiten von \u00c4mtern informieren<\/a><\/li><li><a href=\"https:\/\/nur-deutsch.com\/index.php\/2024\/01\/01\/auskunfte-auf-amtern-erfragen-und-auskunfte-geben\/\">Ausk\u00fcnfte auf \u00c4mtern erfragen und Ausk\u00fcnfte geben<\/a><\/li><li><a href=\"https:\/\/nur-deutsch.com\/index.php\/2024\/01\/01\/uber-familienstrukturen-und-angehorige-sprechen\/\">\u00dcber Familienstrukturen und Angeh\u00f6rige sprechen<\/a><\/li><li><a href=\"https:\/\/nur-deutsch.com\/index.php\/2024\/01\/01\/formulare-ausfullen-und-antrage-stellen\/\">Formulare ausf\u00fcllen und Antr\u00e4ge stellen<\/a><\/li><li><a href=\"https:\/\/nur-deutsch.com\/index.php\/2024\/01\/01\/sich-uber-das-aus-und-weiterbildungssystem-informieren\/\">Sich \u00fcber das Aus- und Weiterbildungssystem informieren<\/a><\/li><li><a href=\"https:\/\/nur-deutsch.com\/index.php\/2024\/01\/01\/den-eigenen-ausbildungs-und-lebensweg-beschreiben\/\">Den eigenen Ausbildungs- und Lebensweg beschreiben<\/a><\/li><li><a href=\"https:\/\/nur-deutsch.com\/index.php\/2024\/01\/01\/sich-uber-unterschiede-zum-ausbildungssystem-des-herkunftslandes-austauschen\/\">Sich \u00fcber Unterschiede zum Ausbildungssystem des Herkunftslandes austauschen<\/a><\/li><li><a href=\"https:\/\/nur-deutsch.com\/index.php\/2024\/01\/01\/sich-uber-arbeitsmoglichkeiten-informieren\/\">Sich \u00fcber Arbeitsm\u00f6glichkeiten informieren<\/a><\/li><li><a href=\"https:\/\/nur-deutsch.com\/index.php\/2024\/01\/01\/an-beratungsgesprachen-teilnehmen\/\">An Beratungsgespr\u00e4chen teilnehmen<\/a><\/li><li><a href=\"https:\/\/nur-deutsch.com\/index.php\/2024\/01\/01\/uber-die-eigene-berufserfahrung-sprechen\/\">\u00dcber die eigene Berufserfahrung sprechen<\/a><\/li><li><a href=\"https:\/\/nur-deutsch.com\/index.php\/2024\/01\/01\/einen-tabellarischen-lebenslauf-schreiben\/\">Einen tabellarischen Lebenslauf schreiben<\/a><\/li><li><a href=\"https:\/\/nur-deutsch.com\/index.php\/2024\/01\/01\/informationen-zu-produkten-erfragen\/\">Informationen zu Produkten erfragen<\/a><\/li><li><a href=\"https:\/\/nur-deutsch.com\/index.php\/2024\/01\/01\/kleidung-und-personen-beschreiben\/\">Kleidung und Personen beschreiben<\/a><\/li><li><a href=\"https:\/\/nur-deutsch.com\/index.php\/2024\/01\/01\/gefallen-und-missfallen-ausdrucken\/\">Gefallen und Missfallen ausdr\u00fccken<\/a><\/li><li><a href=\"https:\/\/nur-deutsch.com\/index.php\/2024\/01\/01\/speisen-und-getranke-bestellen\/\">Speisen und Getr\u00e4nke bestellen<\/a><\/li><li><a href=\"https:\/\/nur-deutsch.com\/index.php\/2024\/01\/01\/sich-uber-arbeitsablaufe-informieren\/\">Sich \u00fcber Arbeitsabl\u00e4ufe informieren<\/a><\/li><li><a href=\"https:\/\/nur-deutsch.com\/index.php\/2024\/01\/01\/arbeitsauftrage-und-mitteilungen-von-kollegen-verstehen-und-darauf-reagieren\/\">Arbeitsauftr\u00e4ge und Mitteilungen von Kollegen verstehen und darauf reagieren<\/a><\/li><li><a href=\"https:\/\/nur-deutsch.com\/index.php\/2024\/01\/01\/sicherheits-vorschriften-und-wichtige-arbeitsdokumente-verstehen\/\">(Sicherheits-)Vorschriften und wichtige Arbeitsdokumente verstehen<\/a><\/li><li><a href=\"https:\/\/nur-deutsch.com\/index.php\/2024\/01\/01\/absprachen-treffen\/\">Absprachen treffen<\/a><\/li><li><a href=\"https:\/\/nur-deutsch.com\/index.php\/2024\/01\/01\/informationen-zu-schultypen-und-auserschulischen-angeboten-verstehen\/\">Informationen zu Schultypen und au\u00dferschulischen Angeboten verstehen<\/a><\/li><li><a href=\"https:\/\/nur-deutsch.com\/index.php\/2024\/01\/01\/schulformen-vergleichen-und-daruber-diskutieren\/\">Schulformen vergleichen und dar\u00fcber diskutieren<\/a><\/li><li><a href=\"https:\/\/nur-deutsch.com\/index.php\/2024\/01\/01\/mitteilungen-aus-der-schule-verstehen\/\">Mitteilungen aus der Schule verstehen<\/a><\/li><li><a href=\"https:\/\/nur-deutsch.com\/index.php\/2024\/01\/01\/uber-die-eigene-schulzeit-sprechen\/\">\u00dcber die eigene Schulzeit sprechen<\/a><\/li><li><a href=\"https:\/\/nur-deutsch.com\/index.php\/2024\/01\/01\/informationen-uber-behandlungsmoglichkeiten-verstehen\/\">Informationen \u00fcber Behandlungsm\u00f6glichkeiten verstehen<\/a><\/li><li><a href=\"https:\/\/nur-deutsch.com\/index.php\/2024\/01\/01\/um-rat-fragen-oder-jemanden-beraten-z-b-zu-ernahrung-oder-hausmitteln\/\">Um Rat fragen oder jemanden beraten, z. B. zu Ern\u00e4hrung oder Hausmitteln<\/a><\/li><li><a href=\"https:\/\/nur-deutsch.com\/index.php\/2024\/01\/01\/mit-der-krankenkasse-kommunizieren\/\">Mit der Krankenkasse kommunizieren<\/a><\/li><li><a href=\"https:\/\/nur-deutsch.com\/index.php\/2024\/01\/01\/anweisungen-verstehen-und-darauf-reagieren\/\">Anweisungen verstehen und darauf reagieren<\/a><\/li><li><a href=\"https:\/\/nur-deutsch.com\/index.php\/2024\/01\/01\/sich-uber-leistungen-von-banken-informieren\/\">Sich \u00fcber Leistungen von Banken informieren<\/a><\/li><li><a href=\"https:\/\/nur-deutsch.com\/index.php\/2024\/01\/01\/broschuren-wichtige-informationen-entnehmen\/\">Brosch\u00fcren wichtige Informationen entnehmen<\/a><\/li><li><a href=\"https:\/\/nur-deutsch.com\/index.php\/2024\/01\/01\/uber-gluckssymbole-sprechen-und-mit-dem-heimatland-vergleichen\/\">\u00dcber Gl\u00fcckssymbole sprechen und mit dem Heimatland vergleichen<\/a><\/li><li><a href=\"https:\/\/nur-deutsch.com\/index.php\/2024\/01\/01\/veranstaltungshinweise-verstehen\/\">Veranstaltungshinweise verstehen<\/a><\/li><li><a href=\"https:\/\/nur-deutsch.com\/index.php\/2024\/01\/01\/uber-freizeitmoglichkeiten-und-hobbys-sprechen\/\">\u00dcber Freizeitm\u00f6glichkeiten und Hobbys sprechen<\/a><\/li><li><a href=\"https:\/\/nur-deutsch.com\/index.php\/2024\/01\/01\/gemeinsame-aktivitaten-planen\/\">Gemeinsame Aktivit\u00e4ten planen<\/a><\/li><\/ul>\n<h1>A2-Grammar &#8211; Grammatik<\/h1>\n<ul class=\"lcp_catlist\" id=\"lcp_instance_0\"><li><a href=\"https:\/\/nur-deutsch.com\/index.php\/2024\/01\/01\/das-pronomen-man\/\">Das Pronomen man<\/a><\/li><li><a href=\"https:\/\/nur-deutsch.com\/index.php\/2024\/01\/01\/personalpronomen-im-akkusativ\/\">Personalpronomen im Akkusativ<\/a><\/li><li><a href=\"https:\/\/nur-deutsch.com\/index.php\/2024\/01\/01\/verben-zum-thema-internet-und-sich-informieren\/\">Verben zum Thema Internet und sich informieren<\/a><\/li><li><a href=\"https:\/\/nur-deutsch.com\/index.php\/2024\/01\/01\/indefinitpronomen-im-akkusativ\/\">Indefinitpronomen im Akkusativ<\/a><\/li><li><a href=\"https:\/\/nur-deutsch.com\/index.php\/2024\/01\/01\/der-komparativ-und-superlativ-von-adjektiven-2\/\">Der Komparativ und Superlativ von Adjektiven<\/a><\/li><li><a href=\"https:\/\/nur-deutsch.com\/index.php\/2024\/01\/01\/lokale-prapositionen-mit-dativ-und-akkusativ\/\">Lokale Pr\u00e4positionen mit Dativ und Akkusativ<\/a><\/li><li><a href=\"https:\/\/nur-deutsch.com\/index.php\/2024\/01\/01\/indefinitpronomen-im-nominativ\/\">Indefinitpronomen im Nominativ<\/a><\/li><li><a href=\"https:\/\/nur-deutsch.com\/index.php\/2024\/01\/01\/nebensatze-mit-deshalb\/\">Nebens\u00e4tze mit deshalb<\/a><\/li><li><a href=\"https:\/\/nur-deutsch.com\/index.php\/2024\/01\/01\/wechselprapositionen\/\">Wechselpr\u00e4positionen<\/a><\/li><li><a href=\"https:\/\/nur-deutsch.com\/index.php\/2024\/01\/01\/verben-mit-akkusativ-und-dativ\/\">Verben mit Akkusativ und Dativ<\/a><\/li><li><a href=\"https:\/\/nur-deutsch.com\/index.php\/2024\/01\/01\/temporale-adverbien-zuerst-dann-danach\/\">Temporale Adverbien zuerst, dann, danach<\/a><\/li><li><a href=\"https:\/\/nur-deutsch.com\/index.php\/2024\/01\/01\/personalpronomen-im-dativ-2\/\">Personalpronomen im Dativ<\/a><\/li><li><a href=\"https:\/\/nur-deutsch.com\/index.php\/2024\/01\/01\/genitiv-bei-namen\/\">Genitiv bei Namen<\/a><\/li><li><a href=\"https:\/\/nur-deutsch.com\/index.php\/2024\/01\/01\/die-indefinitpronomen-alles-etwas-nichts\/\">Die Indefinitpronomen alles, etwas, nichts<\/a><\/li><li><a href=\"https:\/\/nur-deutsch.com\/index.php\/2024\/01\/01\/nebensatze-mit-wenn\/\">Nebens\u00e4tze mit wenn<\/a><\/li><li><a href=\"https:\/\/nur-deutsch.com\/index.php\/2024\/01\/01\/die-prapositionen-mit-dativ-seit-vor-und-weitere\/\">Die Pr\u00e4positionen mit Dativ: seit, vor, und weitere<\/a><\/li><li><a href=\"https:\/\/nur-deutsch.com\/index.php\/2024\/01\/01\/perfekt-der-trennbaren-verben\/\">Perfekt der trennbaren Verben<\/a><\/li><li><a href=\"https:\/\/nur-deutsch.com\/index.php\/2024\/01\/01\/perfekt-ohne-ge\/\">Perfekt ohne ge-<\/a><\/li><li><a href=\"https:\/\/nur-deutsch.com\/index.php\/2024\/01\/01\/reflexive-verben\/\">Reflexive Verben<\/a><\/li><li><a href=\"https:\/\/nur-deutsch.com\/index.php\/2024\/01\/01\/satze-mit-denn-und-weil-verbinden\/\">S\u00e4tze mit denn und weil verbinden<\/a><\/li><li><a href=\"https:\/\/nur-deutsch.com\/index.php\/2024\/01\/01\/zeitangaben-mit-den-prapositionen-bis-ab-fur\/\">Zeitangaben mit den Pr\u00e4positionen bis, ab, f\u00fcr<\/a><\/li><li><a href=\"https:\/\/nur-deutsch.com\/index.php\/2024\/01\/01\/die-demonstrativpronomen-der-die-das\/\">Die Demonstrativpronomen der, die, das<\/a><\/li><li><a href=\"https:\/\/nur-deutsch.com\/index.php\/2024\/01\/01\/die-adjektivdeklination-bestimmter-und-unbestimmter-artikel-im-nominativ-und-akkusativ\/\">Die Adjektivdeklination bestimmter und unbestimmter Artikel im Nominativ und Akkusativ<\/a><\/li><li><a href=\"https:\/\/nur-deutsch.com\/index.php\/2024\/01\/01\/das-modalverb-durfen\/\">Das Modalverb d\u00fcrfen<\/a><\/li><li><a href=\"https:\/\/nur-deutsch.com\/index.php\/2024\/01\/01\/negation\/\">Negation<\/a><\/li><li><a href=\"https:\/\/nur-deutsch.com\/index.php\/2024\/01\/01\/der-imperativ\/\">Der Imperativ<\/a><\/li><li><a href=\"https:\/\/nur-deutsch.com\/index.php\/2024\/01\/01\/possessivartikel-im-dativ\/\">Possessivartikel im Dativ<\/a><\/li><li><a href=\"https:\/\/nur-deutsch.com\/index.php\/2024\/01\/01\/verben-mit-dativ\/\">Verben mit Dativ<\/a><\/li><li><a href=\"https:\/\/nur-deutsch.com\/index.php\/2024\/01\/01\/der-konjunktiv-ii\/\">Der Konjunktiv II<\/a><\/li><li><a href=\"https:\/\/nur-deutsch.com\/index.php\/2024\/01\/01\/satze-mit-dass-verbinden\/\">S\u00e4tze mit dass verbinden<\/a><\/li><li><a href=\"https:\/\/nur-deutsch.com\/index.php\/2024\/01\/01\/das-indefinitpronomen-jeder\/\">Das Indefinitpronomen jeder<\/a><\/li><li><a href=\"https:\/\/nur-deutsch.com\/index.php\/2024\/01\/01\/die-modalverben-wollen-konnen-mussen-sollen-durfen-im-prateritum\/\">Die Modalverben wollen, k\u00f6nnen, m\u00fcssen, sollen, d\u00fcrfen im Pr\u00e4teritum<\/a><\/li><li><a href=\"https:\/\/nur-deutsch.com\/index.php\/2024\/01\/01\/possessivartikel-im-akkusativ\/\">Possessivartikel im Akkusativ<\/a><\/li><li><a href=\"https:\/\/nur-deutsch.com\/index.php\/2024\/01\/01\/nebensatze-mit-damit\/\">Nebens\u00e4tze mit damit<\/a><\/li><li><a href=\"https:\/\/nur-deutsch.com\/index.php\/2024\/01\/01\/relativpronomen-im-nominativ-akkusativ-und-dativ\/\">Relativpronomen im Nominativ, Akkusativ und Dativ<\/a><\/li><li><a href=\"https:\/\/nur-deutsch.com\/index.php\/2024\/01\/01\/satze-mit-relativpronomen-verbinden\/\">S\u00e4tze mit Relativpronomen verbinden<\/a><\/li><li><a href=\"https:\/\/nur-deutsch.com\/index.php\/2024\/01\/01\/indirekte-fragen-mit-was-wie-wo\/\">Indirekte Fragen mit was, wie, wo<\/a><\/li><li><a href=\"https:\/\/nur-deutsch.com\/index.php\/2024\/01\/01\/passiv-prasens\/\">Passiv Pr\u00e4sens<\/a><\/li><li><a href=\"https:\/\/nur-deutsch.com\/index.php\/2024\/01\/01\/die-indefinitpronomen-einer-und-welche\/\">Die Indefinitpronomen: einer und welche<\/a><\/li><li><a href=\"https:\/\/nur-deutsch.com\/index.php\/2024\/01\/01\/reflexive-verben-2\/\">Reflexive Verben<\/a><\/li><li><a href=\"https:\/\/nur-deutsch.com\/index.php\/2024\/01\/01\/wiederholung-adjektivdeklination-im-akkusativ\/\">Wiederholung: Adjektivdeklination im Akkusativ<\/a><\/li><li><a href=\"https:\/\/nur-deutsch.com\/index.php\/2024\/01\/01\/die-konjunktionen-deshalb-und-trotzdem\/\">Die Konjunktionen deshalb und trotzdem<\/a><\/li><\/ul>\n","protected":false},"excerpt":{"rendered":"<p>A2-Vocabulary &#8211; Wortschatz A2-Grammar &#8211; Grammatik<\/p>\n","protected":false},"author":1,"featured_media":0,"parent":0,"menu_order":0,"comment_status":"closed","ping_status":"closed","template":"","meta":{"site-sidebar-layout":"default","site-content-layout":"","ast-site-content-layout":"default","site-content-style":"default","site-sidebar-style":"default","ast-global-header-display":"","ast-banner-title-visibility":"","ast-main-header-display":"","ast-hfb-above-header-display":"","ast-hfb-below-header-display":"","ast-hfb-mobile-header-display":"","site-post-title":"","ast-breadcrumbs-content":"","ast-featured-img":"","footer-sml-layout":"","ast-disable-related-posts":"","theme-transparent-header-meta":"default","adv-header-id-meta":"","stick-header-meta":"","header-above-stick-meta":"","header-main-stick-meta":"","header-below-stick-meta":"","astra-migrate-meta-layouts":"set","ast-page-background-enabled":"default","ast-page-background-meta":{"desktop":{"background-color":"var(--ast-global-color-4)","background-image":"","background-repeat":"repeat","background-position":"center center","background-size":"auto","background-attachment":"scroll","background-type":"","background-media":"","overlay-type":"","overlay-color":"","overlay-opacity":"","overlay-gradient":""},"tablet":{"background-color":"","background-image":"","background-repeat":"repeat","background-position":"center center","background-size":"auto","background-attachment":"scroll","background-type":"","background-media":"","overlay-type":"","overlay-color":"","overlay-opacity":"","overlay-gradient":""},"mobile":{"background-color":"","background-image":"","background-repeat":"repeat","background-position":"center center","background-size":"auto","background-attachment":"scroll","background-type":"","background-media":"","overlay-type":"","overlay-color":"","overlay-opacity":"","overlay-gradient":""}},"ast-content-background-meta":{"desktop":{"background-color":"var(--ast-global-color-5)","background-image":"","background-repeat":"repeat","background-position":"center center","background-size":"auto","background-attachment":"scroll","background-type":"","background-media":"","overlay-type":"","overlay-color":"","overlay-opacity":"","overlay-gradient":""},"tablet":{"background-color":"var(--ast-global-color-5)","background-image":"","background-repeat":"repeat","background-position":"center center","background-size":"auto","background-attachment":"scroll","background-type":"","background-media":"","overlay-type":"","overlay-color":"","overlay-opacity":"","overlay-gradient":""},"mobile":{"background-color":"var(--ast-global-color-5)","background-image":"","background-repeat":"repeat","background-position":"center center","background-size":"auto","background-attachment":"scroll","background-type":"","background-media":"","overlay-type":"","overlay-color":"","overlay-opacity":"","overlay-gradient":""}},"footnotes":""},"class_list":["post-27","page","type-page","status-publish","hentry"],"_links":{"self":[{"href":"https:\/\/nur-deutsch.com\/index.php\/wp-json\/wp\/v2\/pages\/27","targetHints":{"allow":["GET"]}}],"collection":[{"href":"https:\/\/nur-deutsch.com\/index.php\/wp-json\/wp\/v2\/pages"}],"about":[{"href":"https:\/\/nur-deutsch.com\/index.php\/wp-json\/wp\/v2\/types\/page"}],"author":[{"embeddable":true,"href":"https:\/\/nur-deutsch.com\/index.php\/wp-json\/wp\/v2\/users\/1"}],"replies":[{"embeddable":true,"href":"https:\/\/nur-deutsch.com\/index.php\/wp-json\/wp\/v2\/comments?post=27"}],"version-history":[{"count":3,"href":"https:\/\/nur-deutsch.com\/index.php\/wp-json\/wp\/v2\/pages\/27\/revisions"}],"predecessor-version":[{"id":1208,"href":"https:\/\/nur-deutsch.com\/index.php\/wp-json\/wp\/v2\/pages\/27\/revisions\/1208"}],"wp:attachment":[{"href":"https:\/\/nur-deutsch.com\/index.php\/wp-json\/wp\/v2\/media?parent=27"}],"curies":[{"name":"wp","href":"https:\/\/api.w.org\/{rel}","templated":true}]}}