{"id":28,"date":"2024-01-01T06:33:10","date_gmt":"2024-01-01T06:33:10","guid":{"rendered":"https:\/\/nur-deutsch.com\/?page_id=28"},"modified":"2025-04-07T16:04:05","modified_gmt":"2025-04-07T15:04:05","slug":"b1-intermediate","status":"publish","type":"page","link":"https:\/\/nur-deutsch.com\/index.php\/b1-intermediate\/","title":{"rendered":"B1 &#8211; Intermediate"},"content":{"rendered":"<h1>B1-Vocabulary &#8211; Wortschatz<\/h1>\n<ul class=\"lcp_catlist\" id=\"lcp_instance_0\"><li><a href=\"https:\/\/nur-deutsch.com\/index.php\/2024\/01\/01\/uber-spezielle-angebote-und-konditionen-sprechen\/\">\u00dcber spezielle Angebote und Konditionen sprechen<\/a><\/li><li><a href=\"https:\/\/nur-deutsch.com\/index.php\/2024\/01\/01\/komplexere-informationen-z-b-uber-eine-unterkunft-oder-aus-durchsagen-verstehen\/\">Komplexere Informationen verstehen<\/a><\/li><li><a href=\"https:\/\/nur-deutsch.com\/index.php\/2024\/01\/01\/verschiedene-moglichkeiten-bewerten\/\">Verschiedene M\u00f6glichkeiten bewerten<\/a><\/li><li><a href=\"https:\/\/nur-deutsch.com\/index.php\/2024\/01\/01\/unzufriedenheit-und-verargerung-z-b-uber-verspatungen-ausdrucken-und-fur-seine-rechteeintreten\/\">Unzufriedenheit und Ver\u00e4rgerung ausdr\u00fccken<\/a><\/li><li><a href=\"https:\/\/nur-deutsch.com\/index.php\/2024\/01\/01\/in-der-schriftlichen-kommunikation-formelle-textbausteine-verwenden\/\">In der schriftlichen Kommunikation formelle Textbausteine verwenden<\/a><\/li><li><a href=\"https:\/\/nur-deutsch.com\/index.php\/2024\/01\/01\/einen-mietvertrag-kundigen\/\">Einen Mietvertrag k\u00fcndigen<\/a><\/li><li><a href=\"https:\/\/nur-deutsch.com\/index.php\/2024\/01\/01\/wichtige-informationen-und-sachverhalte-bei-elternabenden-verstehen\/\">Wichtige Informationen und Sachverhalte bei Elternabenden verstehen<\/a><\/li><li><a href=\"https:\/\/nur-deutsch.com\/index.php\/2024\/01\/01\/sachverhalte-begrunden-diskutieren-und-gegenvorschlage-machen\/\">Sachverhalte begr\u00fcnden, diskutieren und Gegenvorschl\u00e4ge machen<\/a><\/li><li><a href=\"https:\/\/nur-deutsch.com\/index.php\/2024\/01\/01\/uber-angste-sorgen-und-unsicherheiten-bei-der-kinderbetreuung-sprechen\/\">\u00dcber \u00c4ngste, Sorgen und Unsicherheiten bei der Kinderbetreuung sprechen<\/a><\/li><li><a href=\"https:\/\/nur-deutsch.com\/index.php\/2024\/01\/01\/sich-uber-unterschiede-zum-heimatland-und-interkulturelle-erfahrungen-zum-thema-umweltschutzaustauschen\/\">Sich \u00fcber Unterschiede zum Heimatland und interkulturelle Erfahrungen zum Thema Umweltschutz austauschen<\/a><\/li><li><a href=\"https:\/\/nur-deutsch.com\/index.php\/2024\/01\/02\/sich-uber-vor-und-nachteile-bestimmter-einkaufs-oder-zahlungsmoglichkeiten-austauschen\/\">Sich \u00fcber Vor- und Nachteile bestimmter Einkaufs- oder Zahlungsm\u00f6glichkeiten austauschen<\/a><\/li><li><a href=\"https:\/\/nur-deutsch.com\/index.php\/2024\/01\/02\/bestellungen-aufgeben\/\">Bestellungen aufgeben<\/a><\/li><li><a href=\"https:\/\/nur-deutsch.com\/index.php\/2024\/01\/02\/zahlungsmodalitaten-und-lieferbedingungen-klaren\/\">Zahlungsmodalit\u00e4ten und Lieferbedingungen kl\u00e4ren<\/a><\/li><li><a href=\"https:\/\/nur-deutsch.com\/index.php\/2024\/01\/02\/agbs-verstehen\/\">AGBs verstehen<\/a><\/li><li><a href=\"https:\/\/nur-deutsch.com\/index.php\/2024\/01\/02\/uber-medienerfahrung-und-fernsehgewohnheiten-sprechen\/\">\u00dcber Medienerfahrung und Fernsehgewohnheiten sprechen<\/a><\/li><li><a href=\"https:\/\/nur-deutsch.com\/index.php\/2024\/01\/02\/uber-fernsehen-zur-verbesserung-der-deutschkenntnisse-sprechen\/\">\u00dcber Fernsehen zur Verbesserung der Deutschkenntnisse sprechen<\/a><\/li><li><a href=\"https:\/\/nur-deutsch.com\/index.php\/2024\/01\/02\/small-talk-uber-sportereignisse-fuhren\/\">Small Talk \u00fcber Sportereignisse f\u00fchren<\/a><\/li><li><a href=\"https:\/\/nur-deutsch.com\/index.php\/2024\/01\/02\/uber-interkulturelle-erfahrungen-sprechen-und-verhaltensweisen-in-deutschland-mit-denen-im-heimatland-vergleichen\/\">\u00dcber interkulturelle Erfahrungen sprechen und Verhaltensweisen in Deutschland mit denen im Heimatland vergleichen<\/a><\/li><li><a href=\"https:\/\/nur-deutsch.com\/index.php\/2024\/01\/02\/komplexere-sachverhalte-verstehen-und-daruber-berichten\/\">Komplexere Sachverhalte verstehen und dar\u00fcber berichten<\/a><\/li><li><a href=\"https:\/\/nur-deutsch.com\/index.php\/2024\/01\/02\/uber-vergangene-ereignisse-und-erinnerungen-sprechen\/\">\u00dcber vergangene Ereignisse und Erinnerungen sprechen<\/a><\/li><li><a href=\"https:\/\/nur-deutsch.com\/index.php\/2024\/01\/02\/uber-erfahrungen-mit-der-eigenen-migrationssituation-sprechen\/\">\u00dcber Erfahrungen mit der eigenen Migrationssituation sprechen<\/a><\/li><li><a href=\"https:\/\/nur-deutsch.com\/index.php\/2024\/01\/02\/sich-uber-interkulturelle-erfahrungen-austauschen\/\">Sich \u00fcber interkulturelle Erfahrungen austauschen<\/a><\/li><li><a href=\"https:\/\/nur-deutsch.com\/index.php\/2024\/01\/02\/als-fremd-empfundene-verhaltensweisen-und-ungewohnte-situationen-beschreiben\/\">Als fremd empfundene Verhaltensweisen und ungewohnte Situationen beschreiben<\/a><\/li><li><a href=\"https:\/\/nur-deutsch.com\/index.php\/2024\/01\/02\/gefuhle-wie-freude-enttauschung-hoffnungen-und-bedauern-ausdrucken\/\">Gef\u00fchle wie Freude, Entt\u00e4uschung, Hoffnungen und Bedauern ausdr\u00fccken<\/a><\/li><li><a href=\"https:\/\/nur-deutsch.com\/index.php\/2024\/01\/02\/auskunft-zur-anerkennung-von-ausbildungen-erbitten\/\">Auskunft zur Anerkennung von Ausbildungen erbitten<\/a><\/li><li><a href=\"https:\/\/nur-deutsch.com\/index.php\/2024\/01\/02\/die-notigen-voraussetzungen-und-qualifikationen-fur-berufsprofile-verstehen\/\">Die n\u00f6tigen Voraussetzungen und Qualifikationen f\u00fcr Berufsprofile verstehen<\/a><\/li><li><a href=\"https:\/\/nur-deutsch.com\/index.php\/2024\/01\/02\/lebenslauf-und-bewerbungsschreiben-mithilfe-einer-vorlage-verfassen\/\">Lebenslauf und Bewerbungsschreiben mithilfe einer Vorlage verfassen<\/a><\/li><li><a href=\"https:\/\/nur-deutsch.com\/index.php\/2024\/01\/02\/ein-vorstellungsgesprach-vorbereiten\/\">Ein Vorstellungsgespr\u00e4ch vorbereiten<\/a><\/li><li><a href=\"https:\/\/nur-deutsch.com\/index.php\/2024\/01\/02\/mit-vorgesetzten-uber-arbeitsauftrage-sprechen-und-alternativvorschlage-machen\/\">Mit Vorgesetzten \u00fcber Arbeitsauftr\u00e4ge sprechen und Alternativvorschl\u00e4ge machen<\/a><\/li><li><a href=\"https:\/\/nur-deutsch.com\/index.php\/2024\/01\/02\/absprachen-uber-einzelne-arbeitsschritte-treffen\/\">Absprachen \u00fcber einzelne Arbeitsschritte treffen<\/a><\/li><li><a href=\"https:\/\/nur-deutsch.com\/index.php\/2024\/01\/02\/bei-besprechungen-den-eigenen-standpunkt-formulieren\/\">Bei Besprechungen den eigenen Standpunkt formulieren<\/a><\/li><li><a href=\"https:\/\/nur-deutsch.com\/index.php\/2024\/01\/02\/schriftliche-kundigungen-formulieren\/\">Schriftliche K\u00fcndigungen formulieren<\/a><\/li><li><a href=\"https:\/\/nur-deutsch.com\/index.php\/2024\/01\/02\/uber-gesundheit-und-ernahrung-sprechen\/\">\u00dcber Gesundheit und Ern\u00e4hrung sprechen<\/a><\/li><li><a href=\"https:\/\/nur-deutsch.com\/index.php\/2024\/01\/02\/empfehlungen-fur-eine-gesunde-ernahrungsweise-geben\/\">Empfehlungen f\u00fcr eine gesunde Ern\u00e4hrungsweise geben<\/a><\/li><li><a href=\"https:\/\/nur-deutsch.com\/index.php\/2024\/01\/02\/informationen-aus-studien-und-statistiken-verstehen\/\">Informationen aus Studien und Statistiken verstehen<\/a><\/li><li><a href=\"https:\/\/nur-deutsch.com\/index.php\/2024\/01\/02\/wesentliche-informationen-uber-versicherungen-verstehen\/\">Wesentliche Informationen \u00fcber Versicherungen verstehen<\/a><\/li><li><a href=\"https:\/\/nur-deutsch.com\/index.php\/2024\/01\/02\/versicherungsmitarbeitern-die-erforderlichen-auskunfte-geben\/\">Versicherungsmitarbeitern die erforderlichen Ausk\u00fcnfte geben<\/a><\/li><li><a href=\"https:\/\/nur-deutsch.com\/index.php\/2024\/01\/02\/einen-unfall-mit-schaden-melden\/\">Einen Unfall mit Schaden melden<\/a><\/li><\/ul>\n<h1>B1-Grammar- Grammatik<\/h1>\n<ul class=\"lcp_catlist\" id=\"lcp_instance_0\"><li><a href=\"https:\/\/nur-deutsch.com\/index.php\/2024\/01\/01\/adjektive-im-dativ\/\">Adjektive im Dativ<\/a><\/li><li><a href=\"https:\/\/nur-deutsch.com\/index.php\/2024\/01\/01\/die-zweiteiligen-konjunktionen-entweder-oder-zwar-aber-und-sowohl-als-auch\/\">Die zweiteiligen Konjunktionen entweder &#8230; oder, zwar &#8230;, aber und sowohl &#8230; als auch<\/a><\/li><li><a href=\"https:\/\/nur-deutsch.com\/index.php\/2024\/01\/01\/die-praposition-wegen-genitiv\/\">Die Pr\u00e4position wegen + Genitiv<\/a><\/li><li><a href=\"https:\/\/nur-deutsch.com\/index.php\/2024\/01\/01\/infinitiv-mit-zu\/\">Infinitiv mit zu<\/a><\/li><li><a href=\"https:\/\/nur-deutsch.com\/index.php\/2024\/01\/01\/die-partikeln-wirklich-ziemlich-total-ganz-echt-gar-nicht-nicht-besonders-uberhaupt-nicht\/\">Die Partikeln wirklich, ziemlich, total, ganz, echt, gar nicht, nicht besonders, \u00fcberhaupt nicht<\/a><\/li><li><a href=\"https:\/\/nur-deutsch.com\/index.php\/2024\/01\/01\/satze-mit-obwohl-verbinden\/\">S\u00e4tze mit obwohl verbinden<\/a><\/li><li><a href=\"https:\/\/nur-deutsch.com\/index.php\/2024\/01\/01\/satze-mit-um-zu-infinitiv-ohne-zu-infinitiv-anstatt-zu-infinitiv\/\">S\u00e4tze mit um zu + Infinitiv, ohne zu + Infinitiv, (an)statt zu + Infinitiv<\/a><\/li><li><a href=\"https:\/\/nur-deutsch.com\/index.php\/2024\/01\/01\/satze-mit-da-verbinden\/\">S\u00e4tze mit da verbinden<\/a><\/li><li><a href=\"https:\/\/nur-deutsch.com\/index.php\/2024\/01\/01\/futur-i\/\">Futur I<\/a><\/li><li><a href=\"https:\/\/nur-deutsch.com\/index.php\/2024\/01\/01\/dativ-und-akkusativerganzungen\/\">Dativ- und Akkusativerg\u00e4nzungen<\/a><\/li><li><a href=\"https:\/\/nur-deutsch.com\/index.php\/2024\/01\/01\/satze-mit-falls-verbinden\/\">S\u00e4tze mit falls verbinden<\/a><\/li><li><a href=\"https:\/\/nur-deutsch.com\/index.php\/2024\/01\/01\/das-passiv-prasens\/\">Das Passiv Pr\u00e4sens<\/a><\/li><li><a href=\"https:\/\/nur-deutsch.com\/index.php\/2024\/01\/01\/das-passiv-prasens-mit-modalverben\/\">Das Passiv Pr\u00e4sens mit Modalverben<\/a><\/li><li><a href=\"https:\/\/nur-deutsch.com\/index.php\/2024\/01\/01\/die-zweiteiligen-konjunktionen-weder-noch-und-nicht-nur-sondern-auch\/\">Die zweiteiligen Konjunktionen weder &#8230; noch&#8230; und nicht nur &#8230;, sondern auch&#8230;<\/a><\/li><li><a href=\"https:\/\/nur-deutsch.com\/index.php\/2024\/01\/01\/satze-mit-damit-verbinden\/\">S\u00e4tze mit damit verbinden<\/a><\/li><li><a href=\"https:\/\/nur-deutsch.com\/index.php\/2024\/01\/01\/relativsatze-mit-was\/\">Relativs\u00e4tze mit was<\/a><\/li><li><a href=\"https:\/\/nur-deutsch.com\/index.php\/2024\/01\/01\/prateritum-von-regelmasigen-unregelmasigen-und-mischverben\/\">Pr\u00e4teritum von regelm\u00e4\u00dfigen, unregelm\u00e4\u00dfigen und Mischverben<\/a><\/li><li><a href=\"https:\/\/nur-deutsch.com\/index.php\/2024\/01\/01\/das-passiv-prateritum\/\">Das Passiv Pr\u00e4teritum<\/a><\/li><li><a href=\"https:\/\/nur-deutsch.com\/index.php\/2024\/01\/01\/satze-mit-als-und-wenn-verbinden\/\">S\u00e4tze mit als und wenn verbinden<\/a><\/li><li><a href=\"https:\/\/nur-deutsch.com\/index.php\/2024\/01\/01\/das-verb-lassen\/\">Das Verb lassen<\/a><\/li><li><a href=\"https:\/\/nur-deutsch.com\/index.php\/2024\/01\/01\/indirekte-fragen-mit-ob-wo-was-welche-r-s\/\">Indirekte Fragen mit ob, wo, was, welche, -r, -s<\/a><\/li><li><a href=\"https:\/\/nur-deutsch.com\/index.php\/2024\/01\/01\/verben-mit-prapositionen-dativ-akkusativ\/\">Verben mit Pr\u00e4positionen (Dativ\/Akkusativ)<\/a><\/li><li><a href=\"https:\/\/nur-deutsch.com\/index.php\/2024\/01\/01\/satze-mit-bevor-wahrend-nachdem-seitdem-verbinden\/\">S\u00e4tze mit bevor, w\u00e4hrend, nachdem, seitdem verbinden<\/a><\/li><li><a href=\"https:\/\/nur-deutsch.com\/index.php\/2024\/01\/01\/konjunktiv-ii-von-haben-sein\/\">Konjunktiv II von haben, sein<\/a><\/li><li><a href=\"https:\/\/nur-deutsch.com\/index.php\/2024\/01\/01\/wurden-infinitiv-konnten-infinitiv\/\">W\u00fcrden + Infinitiv, k\u00f6nnten + Infinitiv<\/a><\/li><li><a href=\"https:\/\/nur-deutsch.com\/index.php\/2024\/01\/01\/die-verwendung-des-konjunktivs-ii-hofliche-bitte-wunsch-ratschlag\/\">Die Verwendung des Konjunktivs II: h\u00f6fliche Bitte, Wunsch, Ratschlag<\/a><\/li><li><a href=\"https:\/\/nur-deutsch.com\/index.php\/2024\/01\/01\/satze-mit-indem-verbinden\/\">S\u00e4tze mit indem verbinden<\/a><\/li><li><a href=\"https:\/\/nur-deutsch.com\/index.php\/2024\/01\/01\/irreale-bedingungssatze\/\">Irreale Bedingungss\u00e4tze<\/a><\/li><li><a href=\"https:\/\/nur-deutsch.com\/index.php\/2024\/01\/01\/das-verb-brauchen-infinitiv\/\">Das Verb brauchen + Infinitiv<\/a><\/li><li><a href=\"https:\/\/nur-deutsch.com\/index.php\/2024\/01\/01\/konjunktiv-ii-der-vergangenheit\/\">Konjunktiv II der Vergangenheit<\/a><\/li><li><a href=\"https:\/\/nur-deutsch.com\/index.php\/2024\/01\/01\/prapositionaladverbien\/\">Pr\u00e4positionaladverbien<\/a><\/li><li><a href=\"https:\/\/nur-deutsch.com\/index.php\/2024\/01\/01\/die-indefinitpronomen-irgend-jemand-niemand\/\">Die Indefinitpronomen irgend-, jemand, niemand<\/a><\/li><li><a href=\"https:\/\/nur-deutsch.com\/index.php\/2024\/01\/01\/die-zweiteilige-konjunktion-je-desto-umso\/\">Die zweiteilige Konjunktion je&#8230; desto\/umso<\/a><\/li><li><a href=\"https:\/\/nur-deutsch.com\/index.php\/2024\/01\/01\/das-plusquamperfekt\/\">Das Plusquamperfekt<\/a><\/li><li><a href=\"https:\/\/nur-deutsch.com\/index.php\/2024\/01\/01\/das-partizip-ii-als-adjektiv\/\">Das Partizip II als Adjektiv<\/a><\/li><\/ul>\n","protected":false},"excerpt":{"rendered":"<p>B1-Vocabulary &#8211; Wortschatz B1-Grammar- Grammatik<\/p>\n","protected":false},"author":1,"featured_media":0,"parent":0,"menu_order":0,"comment_status":"closed","ping_status":"closed","template":"","meta":{"site-sidebar-layout":"default","site-content-layout":"","ast-site-content-layout":"default","site-content-style":"default","site-sidebar-style":"default","ast-global-header-display":"","ast-banner-title-visibility":"","ast-main-header-display":"","ast-hfb-above-header-display":"","ast-hfb-below-header-display":"","ast-hfb-mobile-header-display":"","site-post-title":"","ast-breadcrumbs-content":"","ast-featured-img":"","footer-sml-layout":"","ast-disable-related-posts":"","theme-transparent-header-meta":"default","adv-header-id-meta":"","stick-header-meta":"","header-above-stick-meta":"","header-main-stick-meta":"","header-below-stick-meta":"","astra-migrate-meta-layouts":"set","ast-page-background-enabled":"default","ast-page-background-meta":{"desktop":{"background-color":"var(--ast-global-color-4)","background-image":"","background-repeat":"repeat","background-position":"center center","background-size":"auto","background-attachment":"scroll","background-type":"","background-media":"","overlay-type":"","overlay-color":"","overlay-opacity":"","overlay-gradient":""},"tablet":{"background-color":"","background-image":"","background-repeat":"repeat","background-position":"center center","background-size":"auto","background-attachment":"scroll","background-type":"","background-media":"","overlay-type":"","overlay-color":"","overlay-opacity":"","overlay-gradient":""},"mobile":{"background-color":"","background-image":"","background-repeat":"repeat","background-position":"center center","background-size":"auto","background-attachment":"scroll","background-type":"","background-media":"","overlay-type":"","overlay-color":"","overlay-opacity":"","overlay-gradient":""}},"ast-content-background-meta":{"desktop":{"background-color":"var(--ast-global-color-5)","background-image":"","background-repeat":"repeat","background-position":"center center","background-size":"auto","background-attachment":"scroll","background-type":"","background-media":"","overlay-type":"","overlay-color":"","overlay-opacity":"","overlay-gradient":""},"tablet":{"background-color":"var(--ast-global-color-5)","background-image":"","background-repeat":"repeat","background-position":"center center","background-size":"auto","background-attachment":"scroll","background-type":"","background-media":"","overlay-type":"","overlay-color":"","overlay-opacity":"","overlay-gradient":""},"mobile":{"background-color":"var(--ast-global-color-5)","background-image":"","background-repeat":"repeat","background-position":"center center","background-size":"auto","background-attachment":"scroll","background-type":"","background-media":"","overlay-type":"","overlay-color":"","overlay-opacity":"","overlay-gradient":""}},"footnotes":""},"class_list":["post-28","page","type-page","status-publish","hentry"],"_links":{"self":[{"href":"https:\/\/nur-deutsch.com\/index.php\/wp-json\/wp\/v2\/pages\/28","targetHints":{"allow":["GET"]}}],"collection":[{"href":"https:\/\/nur-deutsch.com\/index.php\/wp-json\/wp\/v2\/pages"}],"about":[{"href":"https:\/\/nur-deutsch.com\/index.php\/wp-json\/wp\/v2\/types\/page"}],"author":[{"embeddable":true,"href":"https:\/\/nur-deutsch.com\/index.php\/wp-json\/wp\/v2\/users\/1"}],"replies":[{"embeddable":true,"href":"https:\/\/nur-deutsch.com\/index.php\/wp-json\/wp\/v2\/comments?post=28"}],"version-history":[{"count":3,"href":"https:\/\/nur-deutsch.com\/index.php\/wp-json\/wp\/v2\/pages\/28\/revisions"}],"predecessor-version":[{"id":1209,"href":"https:\/\/nur-deutsch.com\/index.php\/wp-json\/wp\/v2\/pages\/28\/revisions\/1209"}],"wp:attachment":[{"href":"https:\/\/nur-deutsch.com\/index.php\/wp-json\/wp\/v2\/media?parent=28"}],"curies":[{"name":"wp","href":"https:\/\/api.w.org\/{rel}","templated":true}]}}